{"id":124,"date":"2025-12-26T12:32:25","date_gmt":"2025-12-26T12:32:25","guid":{"rendered":"https:\/\/txirbil.com\/?page_id=124"},"modified":"2025-12-26T12:33:09","modified_gmt":"2025-12-26T12:33:09","slug":"orhi","status":"publish","type":"page","link":"https:\/\/txirbil.com\/index.php\/orhi\/","title":{"rendered":"ORHI+"},"content":{"rendered":"\n<figure class=\"wp-block-image size-full\"><img loading=\"lazy\" decoding=\"async\" width=\"717\" height=\"107\" src=\"https:\/\/txirbil.com\/wp-content\/uploads\/2025\/12\/ORHI-Logo-01.png\" alt=\"\" class=\"wp-image-130\" srcset=\"https:\/\/txirbil.com\/wp-content\/uploads\/2025\/12\/ORHI-Logo-01.png 717w, https:\/\/txirbil.com\/wp-content\/uploads\/2025\/12\/ORHI-Logo-01-300x45.png 300w\" sizes=\"auto, (max-width: 717px) 100vw, 717px\" \/><\/figure>\n\n\n\n<div class=\"wp-block-columns is-layout-flex wp-container-core-columns-is-layout-28f84493 wp-block-columns-is-layout-flex\">\n<div class=\"wp-block-column is-layout-flow wp-block-column-is-layout-flow\" style=\"flex-basis:80%\">\n<p class=\"has-large-font-size\"><strong>Antecedentes<\/strong><\/p>\n\n\n\n<p class=\"has-medium-font-size\">El proyecto ORHI se desarroll\u00f3 en el \u00e1mbito del programa POCTEFA 2014-2020 y aportaba valor a la industria agroalimentaria mediante el desarrollo de sinergias entre organizaciones de las distintas regiones participantes: Euskadi, La Rioja, Navarra, Pirineos Atl\u00e1nticos y Occitania.<\/p>\n\n\n\n<p class=\"has-medium-font-size\">El objetivo del proyecto era contribuir a la evoluci\u00f3n del sector agroalimentario hacia una econom\u00eda circular, poniendo el foco en los recursos de materia org\u00e1nica y pl\u00e1stico. Y como resultado del proyecto se obtuvo una metodolog\u00eda innovadora para el encuentro de sinergias entre empresas, un cat\u00e1logo de tecnolog\u00edas innovadoras, un cat\u00e1logo de modelos de negocio, y se llev\u00f3 a cabo el acompa\u00f1amiento en la implantaci\u00f3n de nuevas soluciones en empresas del sector agroalimentario mediante an\u00e1lisis de viabilidad, acuerdos de colaboraci\u00f3n o transferencia tecnol\u00f3gica.<\/p>\n<\/div>\n\n\n\n<div class=\"wp-block-column is-layout-flow wp-block-column-is-layout-flow\" style=\"flex-basis:33.33%\">\n<figure class=\"wp-block-image aligncenter size-full is-resized\"><img loading=\"lazy\" decoding=\"async\" width=\"167\" height=\"467\" src=\"https:\/\/txirbil.com\/wp-content\/uploads\/2025\/12\/ORHI-Logo-03.png\" alt=\"\" class=\"wp-image-126\" style=\"aspect-ratio:0.3576094091813759;width:60px;height:auto\" srcset=\"https:\/\/txirbil.com\/wp-content\/uploads\/2025\/12\/ORHI-Logo-03.png 167w, https:\/\/txirbil.com\/wp-content\/uploads\/2025\/12\/ORHI-Logo-03-107x300.png 107w\" sizes=\"auto, (max-width: 167px) 100vw, 167px\" \/><\/figure>\n\n\n\n<figure class=\"wp-block-image aligncenter size-full is-resized\"><img loading=\"lazy\" decoding=\"async\" width=\"214\" height=\"467\" src=\"https:\/\/txirbil.com\/wp-content\/uploads\/2025\/12\/ORHI-Logo-04.png\" alt=\"\" class=\"wp-image-127\" style=\"aspect-ratio:0.4582386423529161;width:81px;height:auto\" srcset=\"https:\/\/txirbil.com\/wp-content\/uploads\/2025\/12\/ORHI-Logo-04.png 214w, https:\/\/txirbil.com\/wp-content\/uploads\/2025\/12\/ORHI-Logo-04-137x300.png 137w\" sizes=\"auto, (max-width: 214px) 100vw, 214px\" \/><\/figure>\n\n\n\n<figure class=\"wp-block-image aligncenter size-full is-resized\"><img loading=\"lazy\" decoding=\"async\" width=\"224\" height=\"465\" src=\"https:\/\/txirbil.com\/wp-content\/uploads\/2025\/12\/ORHI-Logo-05.png\" alt=\"\" class=\"wp-image-128\" style=\"aspect-ratio:0.4817228457923323;width:77px;height:auto\" srcset=\"https:\/\/txirbil.com\/wp-content\/uploads\/2025\/12\/ORHI-Logo-05.png 224w, https:\/\/txirbil.com\/wp-content\/uploads\/2025\/12\/ORHI-Logo-05-145x300.png 145w\" sizes=\"auto, (max-width: 224px) 100vw, 224px\" \/><\/figure>\n<\/div>\n<\/div>\n\n\n\n<p><strong>Resumen<\/strong><\/p>\n\n\n\n<p class=\"has-medium-font-size\">El territorio POCTEFA, al igual que muchas regiones europeas, se enfrenta al reto de proteger y utilizar sosteniblemente sus recursos naturales, y requiere una gesti\u00f3n eficiente y acelerar la transici\u00f3n hacia la econom\u00eda circular. Como continuaci\u00f3n del proyecto ORHI anterior, el consorcio mantiene el inter\u00e9s de continuar la cooperaci\u00f3n transfronteriza y profundizar en actividades en torno a la econom\u00eda circular.<\/p>\n\n\n\n<p class=\"has-medium-font-size\">El <strong>Proyecto ORHI+<\/strong>, con la colaboraci\u00f3n de diferentes entidades y empresas de las regiones de Euskadi, La Rioja y Pirineos Atl\u00e1nticos, promueve el despliegue de tecnolog\u00edas y modelos de negocio de econom\u00eda circular para reforzar la sostenibilidad y la circularidad de las actividades econ\u00f3micas.<\/p>\n\n\n\n<p class=\"has-medium-font-size\">Este nuevo proyecto utiliza un enfoque sist\u00e9mico, abordando la transici\u00f3n hacia la econom\u00eda circular con las empresas, las industrias y el sector p\u00fablico, centr\u00e1ndose en favorecer el despliegue de soluciones en empresas, y reforzar el papel de las Autoridades P\u00fablicas para impulsar las soluciones de econom\u00eda circular.<\/p>\n\n\n\n<p><strong>Descripci\u00f3n del proyecto<\/strong><\/p>\n\n\n\n<p class=\"has-medium-font-size\">El <strong>objetivo<\/strong> del proyecto ORHI+ es desplegar diferentes soluciones de econom\u00eda circular en empresas y autoridades p\u00fablicas, para reforzar la sostenibilidad y la circularidad de las actividades econ\u00f3micas del territorio transfronterizo.<\/p>\n\n\n\n<p class=\"has-medium-font-size\">La acci\u00f3n del Proyecto ORHI+ se basa en el desarrollo de 7 proyectos demostrativos en torno a cuatro ejes tem\u00e1ticos:<\/p>\n\n\n\n<p class=\"has-medium-font-size\">\u2022Valorizaci\u00f3n de subproductos del sector Agroalimentario<\/p>\n\n\n\n<p class=\"has-medium-font-size\">\u2022Desarrollo de Bio-materiales\/productos<\/p>\n\n\n\n<p class=\"has-medium-font-size\">\u2022Ciclo de vida del Pl\u00e1stico<\/p>\n\n\n\n<p class=\"has-medium-font-size\">\u2022Optimizaci\u00f3n de Procesos<\/p>\n\n\n\n<p><strong>Las actividades que se contemplan en el proyecto son:<\/strong><\/p>\n\n\n\n<p class=\"has-medium-font-size\">Elaboraci\u00f3n de una herramienta de ayuda a la toma de decisiones y selecci\u00f3n de proyectos para priorizar sus acciones en el \u00e1mbito de la econom\u00eda circular.<\/p>\n\n\n\n<p class=\"has-medium-font-size\">Actividades de vigilancia tem\u00e1tica e internacional para la b\u00fasqueda y an\u00e1lisis de soluciones innovadoras y buenas pr\u00e1cticas vinculadas a las tem\u00e1ticas de inter\u00e9s en el proyecto.<\/p>\n\n\n\n<p class=\"has-medium-font-size\">Para la difusi\u00f3n de los resultados y herramientas del proyecto, se celebrar\u00e1n workshops de ecodise\u00f1o y huella ambiental dirigidos a las empresas de los territorios participantes, as\u00ed como webinarios tem\u00e1ticos para difundir los resultados obtenidos de la vigilancia y los proyectos demostrativos.<\/p>\n\n\n\n<p class=\"has-medium-font-size\">Impulso de una convocatoria piloto de ayudas destinada a apoyar el desarrollo de modelos de negocio en econom\u00eda circular.<\/p>\n\n\n\n<p class=\"has-medium-font-size\">El enfoque transfronterizo del proyecto permite abordar la problem\u00e1tica desde una perspectiva m\u00e1s amplia, multiplicar las posibilidades e incrementar el impacto y el p\u00fablico objetivo en los territorios.<\/p>\n\n\n\n<p class=\"has-medium-font-size\">El proyecto ORHI+ ha sido cofinanciado al 65% por la Uni\u00f3n Europea a trav\u00e9s del Programa Interreg VI-A Espa\u00f1a-Francia-Andorra (POCTEFA 2021-2027). El objetivo del POCTEFA es reforzar la integraci\u00f3n econ\u00f3mica y social de la zona fronteriza Espa\u00f1a-Francia-Andorra<\/p>\n\n\n\n<p>Coste total: 1.608.867,95 \u20ac<\/p>\n\n\n\n<p>FEDER: 1.045.764,17 \u20ac<\/p>\n\n\n\n<p>Periodo de ejecuci\u00f3n<\/p>\n\n\n\n<p class=\"has-medium-font-size\">El proyecto se desarrollar\u00e1 en el periodo comprendido entre el 01\/01\/2024 y el 31\/12\/2026.<\/p>\n\n\n\n<p><strong>Resultados esperados<\/strong><\/p>\n\n\n\n<p class=\"has-medium-font-size\">El desarrollo del proyecto dar\u00e1 lugar al apoyo y acompa\u00f1amiento de pymes para la implantaci\u00f3n de soluciones innovadoras de econom\u00eda circular y desarrollo de proyectos de demostraci\u00f3n. Se van a desarrollar proyectos demostrativos de dimensi\u00f3n transfronteriza para acelerar la implantaci\u00f3n de tecnolog\u00edas en diferentes tem\u00e1ticas: valorizaci\u00f3n de subproductos, desarrollo de biomateriales, gesti\u00f3n de residuo pl\u00e1stico agr\u00edcola y ganadero y mejora de procesos con tecnolog\u00eda innovadora. Esto se complementar\u00e1 con cuatro cat\u00e1logos de soluciones innovadoras y buenas pr\u00e1cticas.<\/p>\n\n\n\n<p class=\"has-medium-font-size\">Se obtendr\u00e1n herramientas y metodolog\u00eda de ecoinnovaci\u00f3n para facilitar la toma de decisiones para organismos p\u00fablicos y empresas, y conseguir mejorar la sostenibilidad y circularidad de las actividades econ\u00f3micas.<\/p>\n\n\n\n<p>S<strong>ocios participantes<\/strong><\/p>\n\n\n\n<p class=\"has-medium-font-size\">El consorcio del Proyecto ORHI+ est\u00e1 formado por un partenariado compuesto de 9 socios procedentes del territorio POCTEFA:<\/p>\n\n\n\n<p class=\"has-medium-font-size\">\u2022<strong><a href=\"https:\/\/www.apesa.fr\/\">APESA<\/a><\/strong> acompa\u00f1a a las empresas en su transici\u00f3n, especialmente en el acompa\u00f1amiento sobre metanizaci\u00f3n y compostaje. APESA es el l\u00edder que coordinar\u00e1 el proyecto y utilizar\u00e1 su experiencia en compostaje y metanizaci\u00f3n para probar y optimizar un m\u00e9todo de conservaci\u00f3n y tratamiento de biorresiduos.<\/p>\n\n\n\n<p class=\"has-medium-font-size\">\u2022<strong><a href=\"https:\/\/www.estia.fr\/\">ESTIA<\/a><\/strong>, Escuela de Ingenieros que desarrolla metodolog\u00edas de eco-innovaci\u00f3n para mejorar la sostenibilidad y la circularidad en diversas actividades econ\u00f3micas, y cuenta con un equipo de investigadores que estudian la optimizaci\u00f3n de los procesos industriales de los composites a base de fibras naturales. En el proyecto contribuir\u00e1 a la puesta en pr\u00e1ctica de la metodolog\u00eda de ecoinnovaci\u00f3n y el desarrollo de prototipos que utilizan biopol\u00edmeros y composites polim\u00e9ricos basados en fibras naturales y materiales a base de micelio.<\/p>\n\n\n\n<p class=\"has-medium-font-size\">\u2022La <strong><a href=\"https:\/\/www.ader.es\/inicio\/\">ADER<\/a><\/strong> desarrolla proyectos de fomento de ecoinnovaci\u00f3n e iniciativas piloto de econom\u00eda circular, es nodo de la red Enterprise Europe Network y atesora experiencia en la b\u00fasqueda de tecnolog\u00edas y procesos de transferencia tecnol\u00f3gica. En el proyecto ser\u00e1 responsable de la definici\u00f3n de una l\u00ednea de ayudas colaborativa para facilitar el desarrollo de proyectos regionales de econom\u00eda circular y coordinar\u00e1 diferentes misiones empresariales.<\/p>\n\n\n\n<p class=\"has-medium-font-size\">\u2022<strong><a href=\"https:\/\/entaina.com\/\">ENTAINA<\/a><\/strong> es una PYME con competencias en valorizaci\u00f3n de restos agr\u00edcolas de poda de la vi\u00f1a y otros. En el proyecto probar\u00e1 la valorizaci\u00f3n del sarmiento para su conversi\u00f3n en envases y embalajes alimentarios biodegradables, en sustituci\u00f3n del pl\u00e1stico.<\/p>\n\n\n\n<p class=\"has-medium-font-size\">\u2022<strong><a href=\"https:\/\/axalko.com\/es\/\">TXIRBIL<\/a><\/strong> es una peque\u00f1a cooperativa de trabajo asociado especializada en la transformaci\u00f3n de la madera, que durante a\u00f1os ha investigado y desarrollarlo la tecnolog\u00eda de biocomposites avanzados que ha bautizado como T-Zuntz.<\/p>\n\n\n\n<p class=\"has-medium-font-size\">\u2022<strong><a href=\"http:\/\/solteco.org\/\">SOLTECO<\/a><\/strong> es una PYME que interviene en la industria de los residuos pl\u00e1sticos reciclados y dispone de una tecnolog\u00eda de procesado de material reciclado para fabricaci\u00f3n de productos. Su participaci\u00f3n en el proyecto ser\u00e1 en la gesti\u00f3n y reciclaje de residuo pl\u00e1stico de usos agr\u00edcolas y ganaderos.<\/p>\n\n\n\n<p class=\"has-medium-font-size\">\u2022<strong><a href=\"https:\/\/www.bayonne.cci.fr\/\">CCIBPB<\/a><\/strong> ofrece apoyo a empresas y pymes de Iparralde, desde la creaci\u00f3n del proyecto y durante la vida de la empresa. Participar\u00e1 en la creaci\u00f3n de herramientas para la integraci\u00f3n de criterios de econom\u00eda circular en la contrataci\u00f3n p\u00fablica y acompa\u00f1ar\u00e1 proyectos de valorizaci\u00f3n de subproductos del sector agroalimentario.<\/p>\n\n\n\n<p class=\"has-medium-font-size\">\u2022<strong><a href=\"https:\/\/www.saiolan.com\/es\/\">SAIOLAN<\/a><\/strong>, como centro de empresas e innovaci\u00f3n que ofrece servicios para favorecer el desarrollo comarcal mediante la realizaci\u00f3n de estudios de mercado y planes de viabilidad orientados a la creaci\u00f3n de nuevas actividades empresariales, la identificaci\u00f3n de soluciones innovadoras en el extranjero y traslaci\u00f3n al tejido empresarial local, ser\u00e1 el responsable de coordinar la vigilancia en las diferentes tem\u00e1ticas de inter\u00e9s.<\/p>\n\n\n\n<p class=\"has-medium-font-size\">\u2022<strong><a href=\"https:\/\/aclima.eus\/\">Aclima<\/a><\/strong><strong>,<\/strong> cluster que actualmente cuenta con 133 miembros, es referente y aglutinante del sector ambiental vasco, y promueve la integraci\u00f3n de la sostenibilidad ambiental en la gesti\u00f3n empresarial de los diferentes sectores econ\u00f3micos, como oportunidad de competitividad. Aclima es responsable de las actividades de comunicaci\u00f3n del proyecto, y participar\u00e1 en el impulso de herramientas de ecodise\u00f1o y soluciones de econom\u00eda circular entre las empresas.<\/p>\n","protected":false},"excerpt":{"rendered":"<p>Antecedentes El proyecto ORHI se desarroll\u00f3 en el \u00e1mbito del programa POCTEFA 2014-2020 y aportaba valor a la industria agroalimentaria mediante el desarrollo de sinergias entre organizaciones de las distintas regiones participantes: Euskadi, La Rioja, Navarra, Pirineos Atl\u00e1nticos y Occitania. El objetivo del proyecto era contribuir a la evoluci\u00f3n del sector agroalimentario hacia una econom\u00eda [&hellip;]<\/p>\n","protected":false},"author":1,"featured_media":0,"parent":0,"menu_order":0,"comment_status":"closed","ping_status":"closed","template":"","meta":{"footnotes":""},"class_list":["post-124","page","type-page","status-publish","hentry"],"yoast_head":"<!-- This site is optimized with the Yoast SEO plugin v27.4 - https:\/\/yoast.com\/product\/yoast-seo-wordpress\/ -->\n<title>ORHI+ - TXIRBIL Aroztegia<\/title>\n<meta name=\"robots\" content=\"index, follow, max-snippet:-1, max-image-preview:large, max-video-preview:-1\" \/>\n<link rel=\"canonical\" href=\"https:\/\/txirbil.com\/index.php\/orhi\/\" \/>\n<meta property=\"og:locale\" content=\"en_US\" \/>\n<meta property=\"og:type\" content=\"article\" \/>\n<meta property=\"og:title\" content=\"ORHI+ - TXIRBIL Aroztegia\" \/>\n<meta property=\"og:description\" content=\"Antecedentes El proyecto ORHI se desarroll\u00f3 en el \u00e1mbito del programa POCTEFA 2014-2020 y aportaba valor a la industria agroalimentaria mediante el desarrollo de sinergias entre organizaciones de las distintas regiones participantes: Euskadi, La Rioja, Navarra, Pirineos Atl\u00e1nticos y Occitania. El objetivo del proyecto era contribuir a la evoluci\u00f3n del sector agroalimentario hacia una econom\u00eda [&hellip;]\" \/>\n<meta property=\"og:url\" content=\"https:\/\/txirbil.com\/index.php\/orhi\/\" \/>\n<meta property=\"og:site_name\" content=\"TXIRBIL Aroztegia\" \/>\n<meta property=\"article:modified_time\" content=\"2025-12-26T12:33:09+00:00\" \/>\n<meta property=\"og:image\" content=\"https:\/\/txirbil.com\/wp-content\/uploads\/2025\/12\/ORHI-Logo-01.png\" \/>\n\t<meta property=\"og:image:width\" content=\"717\" \/>\n\t<meta property=\"og:image:height\" content=\"107\" \/>\n\t<meta property=\"og:image:type\" content=\"image\/png\" \/>\n<meta name=\"twitter:card\" content=\"summary_large_image\" \/>\n<meta name=\"twitter:label1\" content=\"Est. reading time\" \/>\n\t<meta name=\"twitter:data1\" content=\"7 minutua\" \/>\n<script type=\"application\/ld+json\" class=\"yoast-schema-graph\">{\"@context\":\"https:\\\/\\\/schema.org\",\"@graph\":[{\"@type\":\"WebPage\",\"@id\":\"https:\\\/\\\/txirbil.com\\\/index.php\\\/orhi\\\/\",\"url\":\"https:\\\/\\\/txirbil.com\\\/index.php\\\/orhi\\\/\",\"name\":\"ORHI+ - TXIRBIL Aroztegia\",\"isPartOf\":{\"@id\":\"https:\\\/\\\/txirbil.com\\\/#website\"},\"primaryImageOfPage\":{\"@id\":\"https:\\\/\\\/txirbil.com\\\/index.php\\\/orhi\\\/#primaryimage\"},\"image\":{\"@id\":\"https:\\\/\\\/txirbil.com\\\/index.php\\\/orhi\\\/#primaryimage\"},\"thumbnailUrl\":\"https:\\\/\\\/txirbil.com\\\/wp-content\\\/uploads\\\/2025\\\/12\\\/ORHI-Logo-01.png\",\"datePublished\":\"2025-12-26T12:32:25+00:00\",\"dateModified\":\"2025-12-26T12:33:09+00:00\",\"breadcrumb\":{\"@id\":\"https:\\\/\\\/txirbil.com\\\/index.php\\\/orhi\\\/#breadcrumb\"},\"inLanguage\":\"eu\",\"potentialAction\":[{\"@type\":\"ReadAction\",\"target\":[\"https:\\\/\\\/txirbil.com\\\/index.php\\\/orhi\\\/\"]}]},{\"@type\":\"ImageObject\",\"inLanguage\":\"eu\",\"@id\":\"https:\\\/\\\/txirbil.com\\\/index.php\\\/orhi\\\/#primaryimage\",\"url\":\"https:\\\/\\\/txirbil.com\\\/wp-content\\\/uploads\\\/2025\\\/12\\\/ORHI-Logo-01.png\",\"contentUrl\":\"https:\\\/\\\/txirbil.com\\\/wp-content\\\/uploads\\\/2025\\\/12\\\/ORHI-Logo-01.png\",\"width\":717,\"height\":107},{\"@type\":\"BreadcrumbList\",\"@id\":\"https:\\\/\\\/txirbil.com\\\/index.php\\\/orhi\\\/#breadcrumb\",\"itemListElement\":[{\"@type\":\"ListItem\",\"position\":1,\"name\":\"Home\",\"item\":\"https:\\\/\\\/txirbil.com\\\/\"},{\"@type\":\"ListItem\",\"position\":2,\"name\":\"ORHI+\"}]},{\"@type\":\"WebSite\",\"@id\":\"https:\\\/\\\/txirbil.com\\\/#website\",\"url\":\"https:\\\/\\\/txirbil.com\\\/\",\"name\":\"TXIRBIL Aroztegia\",\"description\":\"Urkullueta auzoa  -  20214  Zerain  -  Gipuzkoa\",\"potentialAction\":[{\"@type\":\"SearchAction\",\"target\":{\"@type\":\"EntryPoint\",\"urlTemplate\":\"https:\\\/\\\/txirbil.com\\\/?s={search_term_string}\"},\"query-input\":{\"@type\":\"PropertyValueSpecification\",\"valueRequired\":true,\"valueName\":\"search_term_string\"}}],\"inLanguage\":\"eu\"}]}<\/script>\n<!-- \/ Yoast SEO plugin. -->","yoast_head_json":{"title":"ORHI+ - TXIRBIL Aroztegia","robots":{"index":"index","follow":"follow","max-snippet":"max-snippet:-1","max-image-preview":"max-image-preview:large","max-video-preview":"max-video-preview:-1"},"canonical":"https:\/\/txirbil.com\/index.php\/orhi\/","og_locale":"en_US","og_type":"article","og_title":"ORHI+ - TXIRBIL Aroztegia","og_description":"Antecedentes El proyecto ORHI se desarroll\u00f3 en el \u00e1mbito del programa POCTEFA 2014-2020 y aportaba valor a la industria agroalimentaria mediante el desarrollo de sinergias entre organizaciones de las distintas regiones participantes: Euskadi, La Rioja, Navarra, Pirineos Atl\u00e1nticos y Occitania. El objetivo del proyecto era contribuir a la evoluci\u00f3n del sector agroalimentario hacia una econom\u00eda [&hellip;]","og_url":"https:\/\/txirbil.com\/index.php\/orhi\/","og_site_name":"TXIRBIL Aroztegia","article_modified_time":"2025-12-26T12:33:09+00:00","og_image":[{"width":717,"height":107,"url":"https:\/\/txirbil.com\/wp-content\/uploads\/2025\/12\/ORHI-Logo-01.png","type":"image\/png"}],"twitter_card":"summary_large_image","twitter_misc":{"Est. reading time":"7 minutua"},"schema":{"@context":"https:\/\/schema.org","@graph":[{"@type":"WebPage","@id":"https:\/\/txirbil.com\/index.php\/orhi\/","url":"https:\/\/txirbil.com\/index.php\/orhi\/","name":"ORHI+ - TXIRBIL Aroztegia","isPartOf":{"@id":"https:\/\/txirbil.com\/#website"},"primaryImageOfPage":{"@id":"https:\/\/txirbil.com\/index.php\/orhi\/#primaryimage"},"image":{"@id":"https:\/\/txirbil.com\/index.php\/orhi\/#primaryimage"},"thumbnailUrl":"https:\/\/txirbil.com\/wp-content\/uploads\/2025\/12\/ORHI-Logo-01.png","datePublished":"2025-12-26T12:32:25+00:00","dateModified":"2025-12-26T12:33:09+00:00","breadcrumb":{"@id":"https:\/\/txirbil.com\/index.php\/orhi\/#breadcrumb"},"inLanguage":"eu","potentialAction":[{"@type":"ReadAction","target":["https:\/\/txirbil.com\/index.php\/orhi\/"]}]},{"@type":"ImageObject","inLanguage":"eu","@id":"https:\/\/txirbil.com\/index.php\/orhi\/#primaryimage","url":"https:\/\/txirbil.com\/wp-content\/uploads\/2025\/12\/ORHI-Logo-01.png","contentUrl":"https:\/\/txirbil.com\/wp-content\/uploads\/2025\/12\/ORHI-Logo-01.png","width":717,"height":107},{"@type":"BreadcrumbList","@id":"https:\/\/txirbil.com\/index.php\/orhi\/#breadcrumb","itemListElement":[{"@type":"ListItem","position":1,"name":"Home","item":"https:\/\/txirbil.com\/"},{"@type":"ListItem","position":2,"name":"ORHI+"}]},{"@type":"WebSite","@id":"https:\/\/txirbil.com\/#website","url":"https:\/\/txirbil.com\/","name":"TXIRBIL Aroztegia","description":"Urkullueta auzoa  -  20214  Zerain  -  Gipuzkoa","potentialAction":[{"@type":"SearchAction","target":{"@type":"EntryPoint","urlTemplate":"https:\/\/txirbil.com\/?s={search_term_string}"},"query-input":{"@type":"PropertyValueSpecification","valueRequired":true,"valueName":"search_term_string"}}],"inLanguage":"eu"}]}},"_links":{"self":[{"href":"https:\/\/txirbil.com\/index.php\/wp-json\/wp\/v2\/pages\/124","targetHints":{"allow":["GET"]}}],"collection":[{"href":"https:\/\/txirbil.com\/index.php\/wp-json\/wp\/v2\/pages"}],"about":[{"href":"https:\/\/txirbil.com\/index.php\/wp-json\/wp\/v2\/types\/page"}],"author":[{"embeddable":true,"href":"https:\/\/txirbil.com\/index.php\/wp-json\/wp\/v2\/users\/1"}],"replies":[{"embeddable":true,"href":"https:\/\/txirbil.com\/index.php\/wp-json\/wp\/v2\/comments?post=124"}],"version-history":[{"count":2,"href":"https:\/\/txirbil.com\/index.php\/wp-json\/wp\/v2\/pages\/124\/revisions"}],"predecessor-version":[{"id":131,"href":"https:\/\/txirbil.com\/index.php\/wp-json\/wp\/v2\/pages\/124\/revisions\/131"}],"wp:attachment":[{"href":"https:\/\/txirbil.com\/index.php\/wp-json\/wp\/v2\/media?parent=124"}],"curies":[{"name":"wp","href":"https:\/\/api.w.org\/{rel}","templated":true}]}}